{"id":333,"date":"2019-01-06T17:37:11","date_gmt":"2019-01-06T16:37:11","guid":{"rendered":"https:\/\/facio.at\/?page_id=333"},"modified":"2023-01-07T16:26:36","modified_gmt":"2023-01-07T15:26:36","slug":"referenzen","status":"publish","type":"page","link":"https:\/\/facio.at\/index.php\/referenzen\/","title":{"rendered":"Referenzen"},"content":{"rendered":"\n[et_pb_section fb_built=&#8220;1&#8243; fullwidth=&#8220;on&#8220; _builder_version=&#8220;4.16&#8243; custom_padding=&#8220;26px|0px|0px|0px|false|false&#8220; global_colors_info=&#8220;{}&#8220;][et_pb_fullwidth_header title=&#8220;Unsere&#8220; subhead=&#8220;referenzen&#8220; _builder_version=&#8220;4.16&#8243; title_font=&#8220;Poppins|700||on|||||&#8220; title_text_color=&#8220;#edbb5f&#8220; title_font_size=&#8220;14px&#8220; title_letter_spacing=&#8220;2px&#8220; title_line_height=&#8220;1.4em&#8220; content_font=&#8220;||||||||&#8220; subhead_font=&#8220;Playfair Display|700||on|||||&#8220; subhead_font_size=&#8220;48px&#8220; subhead_letter_spacing=&#8220;3px&#8220; subhead_line_height=&#8220;1.2em&#8220; background_color=&#8220;#990033&#8243; global_colors_info=&#8220;{}&#8220;][\/et_pb_fullwidth_header][\/et_pb_section][et_pb_section fb_built=&#8220;1&#8243; _builder_version=&#8220;4.16&#8243; custom_padding=&#8220;0|0px|0|0px|false|false&#8220; global_colors_info=&#8220;{}&#8220;][et_pb_row _builder_version=&#8220;4.16&#8243; custom_padding=&#8220;55px|0px|27px|0px|false|false&#8220; global_colors_info=&#8220;{}&#8220;][et_pb_column type=&#8220;4_4&#8243; _builder_version=&#8220;4.16&#8243; custom_padding=&#8220;|||&#8220; global_colors_info=&#8220;{}&#8220; custom_padding__hover=&#8220;|||&#8220;][et_pb_text _builder_version=&#8220;4.16&#8243; global_colors_info=&#8220;{}&#8220;]<p><span style=\"font-size: large;\"><strong><\/strong><\/span><\/p>\n<p><span style=\"font-size: large;\"><strong>Nachfolgend finden Sie einige unserer Klienten:<\/strong><\/span><br \/><em>(In alphabetischer Reihenfolge)<\/em><\/p>\n<p><a href=\"https:\/\/www.abatec.at\/\"><span><strong>ABATEC Electronic AG<\/strong><\/span><\/a><strong><br \/><\/strong>Entwicklung und Produktion von High-Tech-Elektronik<\/p>\n<p><span><strong><a href=\"http:\/\/www.arthos.at\/\">Arthos Glas- und Geb\u00e4udereinigung GmbH<\/a><\/strong><\/span><strong><br \/><\/strong>Glas- und Geb\u00e4udereinigung, Unterhaltsreinigung, Hausbetreuung<\/p>\n<p><span><strong><a href=\"http:\/\/www.herder.at\/\">Buchhandlung Herder -Zach-Buch GmbH<\/a><\/strong><\/span><strong><br \/><\/strong>Buchhandlung<\/p>\n<p><strong><a href=\"http:\/\/www.bvs-wassertechnik.at\/\">BVS WASSERTECHNIK GmbH<\/a><\/strong><br \/>Planung, Errichtung und Wartung f\u00fcr Wasseraufbereitungs- und Abwasserbehandlungek<\/p>\n<p><span><strong><a href=\"http:\/\/www.schrenk-elektronik.at\/\">CHS-Schrenk Elektronik Gesellschaft m.b.H.<\/a><\/strong><\/span><strong><br \/><\/strong>Produktion von Kabeln f\u00fcr EDV- &amp; Telefonsysteme, Sonderkabel f\u00fcr Hoch- &amp; Niederfrequenztechnik, Automotive, Kabelb\u00e4ume<\/p>\n<p><span><strong><a href=\"http:\/\/www.codico.at\/\">CODICO Gesellschaft m.b.H. &amp; Co. KG<\/a><\/strong><\/span><strong><br \/><\/strong>Gro\u00df- und Einzelhandel f\u00fcr Elektronikkomponenten<\/p>\n<p><a href=\"http:\/\/www.consys.at\"><span><strong>consys GmbH<\/strong><\/span><\/a><strong><br \/><\/strong>Produktion von Kabeln f\u00fcr Verbindungstechnik &amp; f\u00fcr strukturierte Verbindungssysteme,\u00a0 Kabelb\u00e4umen und elektromechanischen Baugruppen<\/p>\n<p><a href=\"http:\\\\www.comb-sol.at\/de\"><span><strong>CS Combustion Solutions GmbH<\/strong><\/span><\/a><strong><br \/><\/strong>Entwicklung, Projektierung, Bau und Instandhaltung von industriellen Verbrennungsanlagen<\/p>\n<p><span><strong><a href=\"http:\/\/www.dic.co.at\/\">DIC Performance Resins GmbH<br \/><\/a><\/strong><\/span>Chemische Industrie \u2013 Erzeugung von synthetischen Harzen f\u00fcr industrielle Anwendungen<\/p>\n<p><span><strong><a href=\"http:\/\/www.drechsler.cc\/\">Gertrude Drechsler GmbH<\/a><\/strong><\/span><br \/>Dachdecker, Bauspengler, Schwarzdecker, Fassadenkletterer<\/p>\n<p><span><strong><a href=\"http:\/\/www.orth-federn.com\/\">Franz Orth &amp; Co Ges.m.b.H. &amp; Co KG<br \/><\/a><\/strong><\/span>Produktion von Federn und Drahtbiegeteilen<\/p>\n<p><span><strong><a href=\"http:\/\/www.lkw-hofbauer.at\/\">Franz und G\u00fcnther Hofbauer GmbH<\/a><\/strong><\/span><strong><br \/><\/strong>LKW-Werkstatt, Nutzfahrzeugverkauf, Fahrzeugbau, Tankstelle<\/p>\n<p><strong><a href=\"http:\/\/www.grueneskreuz.org\/\">Gr\u00fcnes Kreuz<\/a><\/strong><br \/>Rettungs- und Krankentransportwesen, Ausbildungszentrum<\/p>\n<p><strong><a href=\"http:\/\/www.gwiss.com\/\">GWISS POWER ELECTRONICS GMBH<\/a><\/strong><br \/>Entwicklung und Produktion von Industrieelektronik<\/p>\n<p><span><strong><a href=\"http:\/\/www.payergmbh.at\/\">Heinz Payer Gesellschaft m.b.H.<\/a><\/strong><\/span><strong><br \/><\/strong>Luftungstechnik, Elektro-, Gas-, Sanit\u00e4r-, Heizungsinstallation<\/p>\n<p><span><strong><a href=\"http:\/\/www.hps-training.com\/\">HPS \u2013 Hierhold Presentation Services GmbH<\/a><\/strong><\/span><strong><br \/><\/strong>Trainingsunternehmen, spezialisiert auf Pr\u00e4sentationstrainings<\/p>\n<p><span><strong><a href=\"http:\/\/www.intec-austria.at\/\">INTEC Technology GmbH<\/a><\/strong><\/span><strong><br \/><\/strong>Handel, Reparatur und Service von technischen Komponenten f\u00fcr die Elektronikindustrie<\/p>\n<p><span><strong><a href=\"http:\/\/www.praegler.at\/\">Ing. Pr\u00e4gler Ges.m.b.H.<\/a><\/strong><\/span><strong><br \/><\/strong>Metalloberfl\u00e4chenveredelungbetrieb (Eloxieren, Chromatieren &amp; Br\u00fcnieren)<\/p>\n<p><span><strong><a href=\"http:\/\/www.installateurfrana.at\/\">Installateur Ing. Frana<\/a><\/strong><\/span><br \/>Gas-, Wasser-, Heizungsinstallation<\/p>\n<p><span><strong><a href=\"http:\/\/www.iwz.at\/\">IWZ Industriebedarf Wilhelm Zastera GmbH<\/a><\/strong><\/span><strong><br \/><\/strong>Einzelhandel f\u00fcr Komponenten &amp; Maschinen der Mess-, Steuer- &amp; Regelungstechnik sowie Automatisierungstechnik<\/p>\n<p><span><strong><a href=\"http:\/\/www.katronik.com\/\">Katronik Group<br \/><\/a><\/strong><\/span>Wickelg\u00fcter, Elektronik Bauteile &amp; Baugruppen, Assemblierung, Leiterplatten, Ger\u00e4tebau, Entwicklung, Vergusstechnik, Kabelkonfektion, e-solution<\/p>\n<p><span><strong><a href=\"http:\/\/www.gotschlich.at\/\">Karl Gotschlich GmbH<\/a><\/strong><\/span><br \/>Entwicklung und Produktion von Drehsperren und Zutrittskontrollsystemen<\/p>\n<p><strong><a href=\"http:\/\/www.aerfast.at\/\">KYOCERA SENCO Austria GmbH<br \/><\/a><\/strong>Gro\u00df- und Einzelhandel f\u00fcr Befestigungstechnik<\/p>\n<p><span><strong><a href=\"http:\/\/www.malik.at\/\">Malik Gesellschaft m.b.H.<\/a><\/strong><\/span><br \/>Produzent von Dichtungen, Stanzteilen, Pr\u00e4ge- und Biegeteilen<\/p>\n<p><span><strong><a href=\"https:\/\/www.mo-moser.at\/\">Mo Moser Transporte GmbH<\/a><\/strong><\/span><span><strong><br \/><\/strong><\/span>Transportdienstleistung, Mineral\u00f6lhandel und Tankstelle<\/p>\n<p><a href=\"https:\/\/www.moser-mercedes.com\/\"><span><strong>Moser Kfz Handels-GmbH<\/strong><\/span><\/a><span><strong><br \/><\/strong><\/span>Kfz-Handel und Werkstatt<\/p>\n<p><a href=\"http:\/\/www.mundschuetz.at\"><span><strong>Mundsch\u00fctz Maschinenbau GmbH<\/strong><\/span><\/a><span><strong><br \/><\/strong><\/span>Maschinenbau, Auftragsfertigung, Pr\u00e4zissionstechnik, Entwicklung<\/p>\n<p><span><strong><a href=\"https:\/\/www.muellergartner.at\/\">M\u00fcller &amp; Gartner OHG<\/a><\/strong><\/span><br \/>B\u00e4ckerei und Konditorei<\/p>\n<p><span><strong><a href=\"http:\/\/www.nano80.at\/\">nano80 Handels GmbH<\/a><\/strong><\/span><br \/>Handel mit Stromversorgungen, Komponenten f\u00fcr Kabel TV, Elektronik, Industriekomponenten, Daten\u00fcbertragungseinrichtungen, Medizintechnik<\/p>\n<p><span><strong><a href=\"http:\/\/www.neptun.co.at\/\">NEPTUN Stahlhandel GmbH<\/a><\/strong><\/span><br \/>Gro\u00dfhandel von Bewehrungsstahl, Dr\u00e4hten &amp; Drahtprodukten, Stahldrahtseilen &amp; -zubeh\u00f6r<\/p>\n<p><a href=\"http:\/\/www.verbindungstechnik.at\/\"><span><strong>Oskar Kurt KG<\/strong><\/span><\/a><br \/>Handel mit Verbindungstechnik wie Gewindeeins\u00e4tze f\u00fcr Metalle, Kunststoffe und Holz<\/p>\n<p><span><strong><a href=\"http:\/\/www.tmej.at\/\">Rudolf Tmej GmbH \u2013 Fabrik f\u00fcr technische Federn<\/a><\/strong><\/span><strong><br \/><\/strong>Produktion von technischen Federn<\/p>\n<p><a href=\"https:\/\/www.seno.at\/\"><span><strong>SENO Import \u2013 Export Handelsgesellschaft m. b. H.<\/strong><\/span><\/a><strong><br \/><\/strong>Handel mit Steckverbindern, Crimpkontakten, Relais und Geh\u00e4usen<\/p>\n<p><a href=\"https:\/\/sirocco.at\/\"><span><strong>Sirocco Luft- und Umwelttechnik GmbH<\/strong><\/span><\/a><strong><br \/><\/strong>Anlagenbau f\u00fcr div. Industriesparten, Tunnel- &amp; Metrobau<\/p>\n<p><span><strong><a href=\"http:\/\/www.installateurfrana.at\/\">Susen &amp; L\u00f6ffler Ges.m.b.H.<\/a><\/strong><\/span><br \/>Gas-, Wasser-, Heizungsinstallation<\/p>\n<p><span><strong><a href=\"http:\/\/www.thyssenkrupp.at\/\">ThyssenKrupp Materials Austria GmbH<\/a><\/strong><\/span><strong><br \/><\/strong>Stahlgro\u00dfhandel<\/p>\n<p><span><strong><a href=\"http:\/\/www.tornado-feuerschutz.at\/\">TORNADO STRICKS GmbH<br \/><\/a><\/strong><\/span>Entwicklung, Installation und Wartung von Brandschutzmelde- und L\u00f6schanlagen<\/p>\n<p><span><strong><a href=\"https:\/\/www.vereg.eu\/\">VEREG GmbH<br \/><\/a><\/strong><\/span>Gro\u00dfhandel f\u00fcr Baumarktsortimente<\/p>\n<p><span><strong><a href=\"https:\/\/zonemedia.at\/\">ZONE Media<br \/><\/a><\/strong><\/span>Video- und Multimediaproduktionen<\/p>\n<p><span><strong><a href=\"https:\/\/www.z-stueberl.at\/\">Z-St\u00fcberl<\/a><\/strong><\/span><br \/>Modelleisenbahneinzelhandel<\/p>[\/et_pb_text][\/et_pb_column][\/et_pb_row][\/et_pb_section]\n","protected":false},"excerpt":{"rendered":"<p>Nachfolgend finden Sie einige unserer Klienten:(In alphabetischer Reihenfolge) ABATEC Electronic AGEntwicklung und Produktion von High-Tech-Elektronik Arthos Glas- und Geb\u00e4udereinigung GmbHGlas- und Geb\u00e4udereinigung, Unterhaltsreinigung, Hausbetreuung Buchhandlung Herder -Zach-Buch GmbHBuchhandlung BVS WASSERTECHNIK GmbHPlanung, Errichtung und Wartung f\u00fcr Wasseraufbereitungs- und Abwasserbehandlungek CHS-Schrenk Elektronik Gesellschaft m.b.H.Produktion von Kabeln f\u00fcr EDV- &amp; Telefonsysteme, Sonderkabel f\u00fcr Hoch- &amp; Niederfrequenztechnik, Automotive, Kabelb\u00e4ume [&hellip;]<\/p>\n","protected":false},"author":2,"featured_media":0,"parent":0,"menu_order":0,"comment_status":"closed","ping_status":"closed","template":"","meta":{"_et_pb_use_builder":"on","_et_pb_old_content":"","_et_gb_content_width":"","footnotes":""},"class_list":["post-333","page","type-page","status-publish","hentry"],"_links":{"self":[{"href":"https:\/\/facio.at\/index.php\/wp-json\/wp\/v2\/pages\/333","targetHints":{"allow":["GET"]}}],"collection":[{"href":"https:\/\/facio.at\/index.php\/wp-json\/wp\/v2\/pages"}],"about":[{"href":"https:\/\/facio.at\/index.php\/wp-json\/wp\/v2\/types\/page"}],"author":[{"embeddable":true,"href":"https:\/\/facio.at\/index.php\/wp-json\/wp\/v2\/users\/2"}],"replies":[{"embeddable":true,"href":"https:\/\/facio.at\/index.php\/wp-json\/wp\/v2\/comments?post=333"}],"version-history":[{"count":22,"href":"https:\/\/facio.at\/index.php\/wp-json\/wp\/v2\/pages\/333\/revisions"}],"predecessor-version":[{"id":886,"href":"https:\/\/facio.at\/index.php\/wp-json\/wp\/v2\/pages\/333\/revisions\/886"}],"wp:attachment":[{"href":"https:\/\/facio.at\/index.php\/wp-json\/wp\/v2\/media?parent=333"}],"curies":[{"name":"wp","href":"https:\/\/api.w.org\/{rel}","templated":true}]}}